{"id":1841,"date":"2014-06-19T09:43:06","date_gmt":"2014-06-19T09:43:06","guid":{"rendered":"http:\/\/webwise.nevada.ie\/?page_id=1841"},"modified":"2024-11-12T12:55:14","modified_gmt":"2024-11-12T12:55:14","slug":"priobhaid","status":"publish","type":"page","link":"https:\/\/www.webwise.ie\/ga\/priobhaid\/","title":{"rendered":"Pr\u00edobh\u00e1id"},"content":{"rendered":"<div class=\"wpb-content-wrapper\"><p>[vc_row][vc_column][vc_column_text css=&#8221;.vc_custom_1731416109032{margin-bottom: 50px !important;}&#8221;]Nuair a bhaineann t\u00fa \u00fas\u00e1id as Webwise, t\u00e1 t\u00fa ag aont\u00fa le t\u00e9arma\u00ed agus coinn\u00edollacha an tsu\u00edmh, mar at\u00e1 leagtha amach th\u00edos. T\u00e1 s\u00e9 t\u00e1bhachtach go l\u00e9ann t\u00fa iad mar mura n-aonta\u00edonn t\u00fa, n\u00edor ch\u00f3ir duit an su\u00edomh a \u00fas\u00e1id n\u00e1 \u00e1bhar Webwise a \u00edosl\u00f3d\u00e1il. Athl\u00e9igh an doicim\u00e9ad seo go rialta ionas go gcoime\u00e1dfar ar an eolas th\u00fa faoi athruithe ar bith.<\/p>\n<h2><b>\u00c1bhar ar Webwise<\/b><\/h2>\n<p>D\u00e9antar an t-\u00e1bhar ar Webwise a tharraingt \u00f3 r\u00e9imse leathan foins\u00ed \u2013 b\u00edonn cuid de i bhfoirm naisc sheachtracha agus \u00e1bhar f\u00e9int\u00e1irgthe cuid de.<\/p>\n<p>Ba ch\u00f3ir amharc air mar eolas ginear\u00e1lta agus n\u00ed mar mholadh n\u00e1 comhairle faoi leith.<\/p>\n<p>Sula dtugtar faoi ghn\u00edomha\u00edocht n\u00f3 faoi chinneadh ar bith bunaithe ar \u00e1bhar Webwise ba ch\u00f3ir treoir ghairmi\u00fail a lorg i dt\u00f3lamh.<\/p>\n<p>N\u00edl Webwise freagrach as na tuairim\u00ed, as an gcomhairle n\u00e1 as na molta\u00ed at\u00e1 ar an su\u00edomh gr\u00e9as\u00e1in. D\u00e1 bharr sin, n\u00ed bheimid faoi dhliteanas maidir le h\u00e9ilimh, caillteanais, gortuithe, pion\u00f3is, dam\u00e1ist\u00ed n\u00e1 costais a eascra\u00edonn as \u00fas\u00e1id Webwise n\u00e1 as an \u00e1bhar at\u00e1 ann.<\/p>\n<p>Ina theannta sin, n\u00ed f\u00e9idir linn a dheimhni\u00fa go bhfuil an su\u00edomh g\u00e9as\u00e1in saor \u00f3 v\u00edris n\u00e1 \u00f3 \u00e9illi\u00fa crua-earra\u00ed n\u00e1 bogearra\u00ed eile, n\u00e1 go bhfuil an su\u00edomh comhoiri\u00fanach le c\u00f3ras r\u00edomhaireachta, le brabhs\u00e1la\u00ed n\u00f3 le bogearra\u00ed ar bith eile.<\/p>\n<p>Is le haghaidh \u00fas\u00e1id phearsanta agus le haghaidh \u00fas\u00e1id m\u00fainteoir\u00ed, tuismitheoir\u00ed agus dalta\u00ed ar mhaithe le hoideachas at\u00e1 an t-\u00e1bhar uile. N\u00ed f\u00e9idir \u00e9 a \u00fas\u00e1id ach amh\u00e1in le haghaidh cusp\u00f3ir\u00ed neamhthr\u00e1cht\u00e1la.<\/p>\n<p>T\u00e1 naisc le h\u00e1bhar Webwise ceadaithe gan g\u00e1 le cead i scr\u00edbhinn roimh r\u00e9.<\/p>\n<p>Forchoime\u00e1dann Webwise, \u00e1fach, an ceart chun an cead sin a tharraingt siar gan mh\u00edni\u00fa, m\u00e1 t\u00e1, dar lena bhreithi\u00fanas f\u00e9in, \u00fas\u00e1id nasc den chine\u00e1l seo m\u00edchu\u00ed.<\/p>\n<h2><b>Naisc Sheachtracha<\/b><\/h2>\n<p>Sol\u00e1thra\u00edonn Webwise cuid mh\u00f3r nasc chuig su\u00edomhanna gr\u00e9as\u00e1in seachtracha. N\u00edl aon smacht ag Webwise ar \u00e1bhar n\u00e1 ar bheartais phr\u00edobh\u00e1ideachais na su\u00edomhanna seo, agus n\u00ed f\u00e9idir leis a bheith freagrach as. M\u00e1 aims\u00edonn t\u00fa \u00e1bhar m\u00ed-oiri\u00fanach ar bith ar chuid ar bith de na su\u00edomhanna seo cuir r\u00edomhphost chuig info@webwise.ie l\u00e1ithreach.<\/p>\n<p>As siocair go n-athra\u00edonn seolta\u00ed Gr\u00e9as\u00e1in \u00f3 am go c\u00e9ile, n\u00ed f\u00e9idir linn a dheimhni\u00fa go mbeidh nasc at\u00e1 san \u00e1ireamh ar \u00e1r su\u00edomh cruinn, reatha n\u00f3 ar f\u00e1il an tr\u00e1th nuair a iarrann t\u00fa \u00e9 i dt\u00f3lamh.<\/p>\n<h2><b>C\u00f3ipcheart<\/b><\/h2>\n<p>T\u00e1 an t-\u00e1bhar ar an su\u00edomh seo faoi chosaint c\u00f3ipchirt de r\u00e9ir dhl\u00ed na h\u00c9ireann agus na hEorpa. T\u00e1 s\u00e9 ceadmhach gach \u00e1bhar a \u00edosl\u00f3d\u00e1il agus a ch\u00f3ipe\u00e1il le haghaidh \u00fas\u00e1id\u00ed neamhthr\u00e1cht\u00e1la amh\u00e1in, a fhad is go n-aithn\u00edtear an fhoinse.<\/p>\n<p>N\u00edl s\u00e9 ceadmhach an t-\u00e1bhar a at\u00e1irgeadh le haghaidh cusp\u00f3ir\u00ed tr\u00e1cht\u00e1la.<\/p>\n<p>D\u2019fh\u00e9adfadh freisin go mbeidh srianta c\u00f3ipchirt ar an \u00e1bhar laistigh de na su\u00edomhanna nasctha agus ba ch\u00f3ir \u00e9 seo a sheice\u00e1il m\u00e1 t\u00e1 s\u00e9 beartaithe agat an t-\u00e1bhar a \u00fas\u00e1id ar bhealach ar bith.<\/p>\n<h2><b>Foilsi\u00fa ar Fh\u00f3raim Webwise agus Phl\u00e9<\/b><\/h2>\n<p>Is f\u00e9idir le l\u00e9itheoir\u00ed tuairim\u00ed a fhoilsi\u00fa ar Webwise. T\u00e1 s\u00e9 t\u00e1bhachtach a chuimhneamh go mb\u00edonn eolas ar bith a nochtar ar na f\u00f3raim seo ina eolas poibl\u00ed.<\/p>\n<p>N\u00edl cead agat focail n\u00e1 \u00edomh\u00e1nna graosta, pornagrafacha, cl\u00famhillteacha n\u00e1 neamhdhleathacha a \u00fas\u00e1id ar na cl\u00e1ir theachtaireachta\u00ed. N\u00edl Webwise freagrach as dliteanas ar bith a bhaineann leis na cumars\u00e1id\u00ed a dh\u00e9antar a phost\u00e1il, c\u00e9 acu a bhaineann s\u00e9 leis na dl\u00edthe c\u00f3ipchirt, cl\u00famhillte, pr\u00edobh\u00e1ideachais, cosaint sonra\u00ed, graostachta n\u00f3 eile.<\/p>\n<p>M\u00e1 bh\u00edonn deacracht agat leis an cumars\u00e1id\u00ed a dh\u00e9antar a phost\u00e1il ar chuid ar bith d\u2019fh\u00f3raim phl\u00e9 Webwise, cuir r\u00edomhphost chuig internetsafety@ncte.ie<\/p>\n<h2><b>Dl\u00ednse Dhl\u00edthi\u00fail <\/b><\/h2>\n<p>Beidh dl\u00ednse eisiach ag c\u00fairteanna na h\u00c9ireann maidir le d\u00edosp\u00f3id ar bith a eascra\u00edonn as an su\u00edomh gr\u00e9as\u00e1in seo.[\/vc_column_text][\/vc_column][\/vc_row]<\/p>\n<\/div>","protected":false},"excerpt":{"rendered":"<p>[vc_row][vc_column][vc_column_text css=&#8221;.vc_custom_1731416109032{margin-bottom: 50px !important;}&#8221;]Nuair a bhaineann t\u00fa \u00fas\u00e1id as Webwise, t\u00e1 t\u00fa ag aont\u00fa le t\u00e9arma\u00ed agus coinn\u00edollacha an tsu\u00edmh, [&hellip;]<\/p>\n","protected":false},"author":1,"featured_media":0,"parent":0,"menu_order":0,"comment_status":"closed","ping_status":"closed","template":"","meta":{"_acf_changed":false,"_uag_custom_page_level_css":"","footnotes":""},"class_list":["post-1841","page","type-page","status-publish","hentry"],"acf":[],"yoast_head":"<!-- This site is optimized with the Yoast SEO plugin v27.4 - https:\/\/yoast.com\/product\/yoast-seo-wordpress\/ -->\n<title>Pr\u00edobh\u00e1id -<\/title>\n<meta name=\"robots\" content=\"index, follow, max-snippet:-1, max-image-preview:large, max-video-preview:-1\" \/>\n<link rel=\"canonical\" href=\"https:\/\/www.webwise.ie\/ga\/priobhaid\/\" \/>\n<meta property=\"og:locale\" content=\"en_US\" \/>\n<meta property=\"og:type\" content=\"article\" \/>\n<meta property=\"og:title\" content=\"Pr\u00edobh\u00e1id -\" \/>\n<meta property=\"og:description\" content=\"[vc_row][vc_column][vc_column_text css=&#8221;.vc_custom_1731416109032{margin-bottom: 50px !important;}&#8221;]Nuair a bhaineann t\u00fa \u00fas\u00e1id as Webwise, t\u00e1 t\u00fa ag aont\u00fa le t\u00e9arma\u00ed agus coinn\u00edollacha an tsu\u00edmh, [&hellip;]\" \/>\n<meta property=\"og:url\" content=\"https:\/\/www.webwise.ie\/ga\/priobhaid\/\" \/>\n<meta property=\"og:site_name\" content=\"Webwise.ie\" \/>\n<meta property=\"article:publisher\" content=\"https:\/\/www.facebook.com\/Webwise\/\" \/>\n<meta property=\"article:modified_time\" content=\"2024-11-12T12:55:14+00:00\" \/>\n<meta name=\"twitter:label1\" content=\"Est. reading time\" \/>\n\t<meta name=\"twitter:data1\" content=\"3 minutes\" \/>\n<script type=\"application\/ld+json\" class=\"yoast-schema-graph\">{\"@context\":\"https:\\\/\\\/schema.org\",\"@graph\":[{\"@type\":\"WebPage\",\"@id\":\"https:\\\/\\\/www.webwise.ie\\\/ga\\\/priobhaid\\\/\",\"url\":\"https:\\\/\\\/www.webwise.ie\\\/ga\\\/priobhaid\\\/\",\"name\":\"Pr\u00edobh\u00e1id -\",\"isPartOf\":{\"@id\":\"https:\\\/\\\/www.webwise.ie\\\/ga\\\/#website\"},\"datePublished\":\"2014-06-19T09:43:06+00:00\",\"dateModified\":\"2024-11-12T12:55:14+00:00\",\"breadcrumb\":{\"@id\":\"https:\\\/\\\/www.webwise.ie\\\/ga\\\/priobhaid\\\/#breadcrumb\"},\"inLanguage\":\"en-GA\",\"potentialAction\":[{\"@type\":\"ReadAction\",\"target\":[\"https:\\\/\\\/www.webwise.ie\\\/ga\\\/priobhaid\\\/\"]}]},{\"@type\":\"BreadcrumbList\",\"@id\":\"https:\\\/\\\/www.webwise.ie\\\/ga\\\/priobhaid\\\/#breadcrumb\",\"itemListElement\":[{\"@type\":\"ListItem\",\"position\":1,\"name\":\"Home\",\"item\":\"https:\\\/\\\/www.webwise.ie\\\/ga\\\/\"},{\"@type\":\"ListItem\",\"position\":2,\"name\":\"Pr\u00edobh\u00e1id\"}]},{\"@type\":\"WebSite\",\"@id\":\"https:\\\/\\\/www.webwise.ie\\\/ga\\\/#website\",\"url\":\"https:\\\/\\\/www.webwise.ie\\\/ga\\\/\",\"name\":\"Webwise\",\"description\":\"The Irish Internet Safety Awareness Centre\",\"potentialAction\":[{\"@type\":\"SearchAction\",\"target\":{\"@type\":\"EntryPoint\",\"urlTemplate\":\"https:\\\/\\\/www.webwise.ie\\\/ga\\\/?s={search_term_string}\"},\"query-input\":{\"@type\":\"PropertyValueSpecification\",\"valueRequired\":true,\"valueName\":\"search_term_string\"}}],\"inLanguage\":\"en-GA\"}]}<\/script>\n<!-- \/ Yoast SEO plugin. -->","yoast_head_json":{"title":"Pr\u00edobh\u00e1id -","robots":{"index":"index","follow":"follow","max-snippet":"max-snippet:-1","max-image-preview":"max-image-preview:large","max-video-preview":"max-video-preview:-1"},"canonical":"https:\/\/www.webwise.ie\/ga\/priobhaid\/","og_locale":"en_US","og_type":"article","og_title":"Pr\u00edobh\u00e1id -","og_description":"[vc_row][vc_column][vc_column_text css=&#8221;.vc_custom_1731416109032{margin-bottom: 50px !important;}&#8221;]Nuair a bhaineann t\u00fa \u00fas\u00e1id as Webwise, t\u00e1 t\u00fa ag aont\u00fa le t\u00e9arma\u00ed agus coinn\u00edollacha an tsu\u00edmh, [&hellip;]","og_url":"https:\/\/www.webwise.ie\/ga\/priobhaid\/","og_site_name":"Webwise.ie","article_publisher":"https:\/\/www.facebook.com\/Webwise\/","article_modified_time":"2024-11-12T12:55:14+00:00","twitter_misc":{"Est. reading time":"3 minutes"},"schema":{"@context":"https:\/\/schema.org","@graph":[{"@type":"WebPage","@id":"https:\/\/www.webwise.ie\/ga\/priobhaid\/","url":"https:\/\/www.webwise.ie\/ga\/priobhaid\/","name":"Pr\u00edobh\u00e1id -","isPartOf":{"@id":"https:\/\/www.webwise.ie\/ga\/#website"},"datePublished":"2014-06-19T09:43:06+00:00","dateModified":"2024-11-12T12:55:14+00:00","breadcrumb":{"@id":"https:\/\/www.webwise.ie\/ga\/priobhaid\/#breadcrumb"},"inLanguage":"en-GA","potentialAction":[{"@type":"ReadAction","target":["https:\/\/www.webwise.ie\/ga\/priobhaid\/"]}]},{"@type":"BreadcrumbList","@id":"https:\/\/www.webwise.ie\/ga\/priobhaid\/#breadcrumb","itemListElement":[{"@type":"ListItem","position":1,"name":"Home","item":"https:\/\/www.webwise.ie\/ga\/"},{"@type":"ListItem","position":2,"name":"Pr\u00edobh\u00e1id"}]},{"@type":"WebSite","@id":"https:\/\/www.webwise.ie\/ga\/#website","url":"https:\/\/www.webwise.ie\/ga\/","name":"Webwise","description":"The Irish Internet Safety Awareness Centre","potentialAction":[{"@type":"SearchAction","target":{"@type":"EntryPoint","urlTemplate":"https:\/\/www.webwise.ie\/ga\/?s={search_term_string}"},"query-input":{"@type":"PropertyValueSpecification","valueRequired":true,"valueName":"search_term_string"}}],"inLanguage":"en-GA"}]}},"spectra_custom_meta":{"_edit_lock":["1731416171:3440"],"_edit_last":["3440"],"_wp_page_template":["default"],"_wpml_word_count":["{\"total\":599,\"to_translate\":{\"en\":599}}"],"_wpb_vc_js_status":["true"],"_yoast_wpseo_content_score":["60"],"_yoast_wpseo_estimated-reading-time-minutes":["3"],"qode_title_in_grid":["yes"],"qode_animate-page-title":["no"],"qode_show-page-title-text":["no"],"qode_show-page-title-image":["no"],"qode_title_breadcrumbs_postiion":["bellow_title"],"qode_enable-page-comments":["no"],"qode_show-sidebar":["default"],"media_boxes_overlay_effect":["default"],"media_boxes_popup_type":["image"],"media_boxes_iframe_on_thumbnail":["no"],"media_boxes_how_many_columns":["1"],"media_boxes_skin":["use_default"],"_last_translation_edit_mode":["native-editor"],"_wpml_media_duplicate":["0"],"_wpml_media_featured":["0"],"classic-editor-remember":["classic-editor"],"_wpb_post_custom_layout":["default"],"_wpb_shortcodes_custom_css":[".vc_custom_1731416109032{margin-bottom: 50px !important;}"],"_wpb_shortcodes_custom_css_updated":["1"],"_uag_page_assets":["a:9:{s:3:\"css\";s:0:\"\";s:2:\"js\";s:0:\"\";s:18:\"current_block_list\";a:1:{i:0;s:12:\"core\/heading\";}s:8:\"uag_flag\";b:0;s:11:\"uag_version\";s:10:\"1777631991\";s:6:\"gfonts\";a:0:{}s:10:\"gfonts_url\";s:0:\"\";s:12:\"gfonts_files\";a:0:{}s:14:\"uag_faq_layout\";b:0;}"]},"uagb_featured_image_src":{"full":false,"thumbnail":false,"medium":false,"medium_large":false,"large":false,"listing-thumbnail":false,"listing-location-thumbnail":false,"1536x1536":false,"2048x2048":false,"gform-image-choice-sm":false,"gform-image-choice-md":false,"gform-image-choice-lg":false},"uagb_author_info":{"display_name":"webster","author_link":"https:\/\/www.webwise.ie\/ga\/author\/webster\/"},"uagb_comment_info":0,"uagb_excerpt":"[vc_row][vc_column][vc_column_text css=&#8221;.vc_custom_1731416109032{margin-bottom: 50px !important;}&#8221;]Nuair a bhaineann t\u00fa \u00fas\u00e1id as Webwise, t\u00e1 t\u00fa ag aont\u00fa le t\u00e9arma\u00ed agus coinn\u00edollacha an tsu\u00edmh, [&hellip;]","_links":{"self":[{"href":"https:\/\/www.webwise.ie\/ga\/wp-json\/wp\/v2\/pages\/1841","targetHints":{"allow":["GET"]}}],"collection":[{"href":"https:\/\/www.webwise.ie\/ga\/wp-json\/wp\/v2\/pages"}],"about":[{"href":"https:\/\/www.webwise.ie\/ga\/wp-json\/wp\/v2\/types\/page"}],"author":[{"embeddable":true,"href":"https:\/\/www.webwise.ie\/ga\/wp-json\/wp\/v2\/users\/1"}],"replies":[{"embeddable":true,"href":"https:\/\/www.webwise.ie\/ga\/wp-json\/wp\/v2\/comments?post=1841"}],"version-history":[{"count":2,"href":"https:\/\/www.webwise.ie\/ga\/wp-json\/wp\/v2\/pages\/1841\/revisions"}],"predecessor-version":[{"id":82383,"href":"https:\/\/www.webwise.ie\/ga\/wp-json\/wp\/v2\/pages\/1841\/revisions\/82383"}],"wp:attachment":[{"href":"https:\/\/www.webwise.ie\/ga\/wp-json\/wp\/v2\/media?parent=1841"}],"curies":[{"name":"wp","href":"https:\/\/api.w.org\/{rel}","templated":true}]}}