{"id":2325,"date":"2014-06-23T11:42:23","date_gmt":"2014-06-23T11:42:23","guid":{"rendered":"http:\/\/webwise.nevada.ie\/?page_id=2325"},"modified":"2024-11-27T16:45:58","modified_gmt":"2024-11-27T16:45:58","slug":"webwise-eolas-fuinn","status":"publish","type":"page","link":"https:\/\/www.webwise.ie\/ga\/failte-go-webwise\/webwise-eolas-fuinn\/","title":{"rendered":"Webwise: Eolas F\u00fainn"},"content":{"rendered":"<p align=\"center\"><img loading=\"lazy\" decoding=\"async\" src=\"https:\/\/www.webwise.ie\/wp-content\/uploads\/2017\/11\/webwise-logo-456-x-100.png\" alt=\"\" width=\"349\" height=\"99\" border=\"0\" \/><\/p>\n<p>Tionscnamh um sh\u00e1bh\u00e1ilteacht Idirl\u00edn \u00e9 Webwise a bhfuil mar aidhm aige feasacht a mh\u00fascailt ar shaincheisteanna s\u00e1bh\u00e1ilteachta ar l\u00edne agus ar dhea-chleachtas i measc dalta\u00ed, a dtuismitheoir\u00ed agus a m\u00fainteoir\u00ed.<\/p>\n<p>Is \u00e9 Webwise Ionad na h\u00c9ireann um Fheasacht ar Sh\u00e1bh\u00e1ilteacht Idirl\u00edn arna mhaoini\u00fa ag an Roinn Oideachais agus Scileanna agus ag an gCl\u00e1r um Idirl\u00edon n\u00edos S\u00e1bh\u00e1ilte de chuid an AE. Is comhalta\u00ed sinn de ghr\u00e9as\u00e1n Insafe.<\/p>\n<p>Cuibhreannas \u00e9 tionscadal SaferInternetIE (SII) ina bhfuil comhph\u00e1irtithe tionscail, oideachais, leas p\u00e1ist\u00ed agus rialtais a shol\u00e1thra\u00edonn feidhmeanna agus gn\u00edomha\u00edochta\u00ed feasachta, beol\u00edne agus l\u00edne chabhrach i bPoblacht na h\u00c9ireann.<\/p>\n<p>T\u00e1 s\u00e9 mar aidhm ag an tionscadal, arna chomhard\u00fa ag an Oifig S\u00e1bh\u00e1ilteachta Idirl\u00edn, tionscnaimh n\u00e1isi\u00fanta a fhorbairt chun \u00fas\u00e1id n\u00edos s\u00e1bh\u00e1ilte as na me\u00e1in leictreonacha a chur chun cinn agus chun iad si\u00fad is m\u00f3 i mbaol, go h\u00e1irithe p\u00e1ist\u00ed, a chosaint n\u00edos m\u00f3 in aghaidh na ngn\u00e9ithe di\u00faltacha den Idirl\u00edon.<\/p>\n<p>Webwise,<br \/>\nIonad Invent,<br \/>\nOllscoil Chathair Bhaile \u00c1tha Cliath,<br \/>\nBaile \u00c1tha Cliath 9,<br \/>\n\u00c9ire.<br \/>\ninternetsafety@ncte.ie<\/p>\n<h3>Idirl\u00edon n\u00edos S\u00e1bh\u00e1ilte, \u00c9ire<\/h3>\n<p>Cuibhreannas \u00e9 tionscadal SaferInternetIE (SII) ina bhfuil comhph\u00e1irtithe tionscail, oideachais, leas p\u00e1ist\u00ed agus rialtais a shol\u00e1thra\u00edonn feidhmeanna agus gn\u00edomha\u00edochta\u00ed feasachta ar Idirl\u00edon n\u00edos S\u00e1bh\u00e1ilte, beol\u00edne agus l\u00edne chabhrach do Phoblacht na h\u00c9ireann.<\/p>\n<p>Is iad na comhph\u00e1irtithe sa chuibhreannas Webwise, L\u00edne Chabhrach na Leana\u00ed, Comhairle N\u00e1isi\u00fanta na dTuismitheoir\u00ed agus Cumann Sol\u00e1thr\u00f3ir\u00ed Seirbh\u00eds\u00ed Idirl\u00edn na h\u00c9ireann.<\/p>\n<p>Comhorda\u00edonn an Oifig S\u00e1bh\u00e1ilteachta Idirl\u00edn (OIS) \u00e9 chun tionscnaimh n\u00e1isi\u00fanta a fhorbairt chun \u00fas\u00e1id n\u00edos s\u00e1bh\u00e1ilte na me\u00e1n leictreonach a chur chun cinn agus chun iad si\u00fad is m\u00f3 i mbaol, go h\u00e1irithe p\u00e1ist\u00ed, a chosaint n\u00edos m\u00f3 in aghaidh na ngn\u00e9ithe di\u00faltacha den Idirl\u00edon.<\/p>\n<p>Cuireann an cuibhreannas seo leis an taith\u00ed a gn\u00f3tha\u00edodh sna tionscadail maidir le hIdirl\u00edon n\u00edos S\u00e1bh\u00e1ilte a bh\u00ed f\u00edor-rath\u00fail ach neamhsple\u00e1ch a re\u00e1cht\u00e1ladh roimhe seo.<\/p>\n<p>Go hachomair, d\u00e9anfar an m\u00e9id seo a leanas sa tionscadal:<\/p>\n<ul>\n<li>Cruth\u00f3far gn\u00edomhartha n\u00e1isi\u00fanta um Idirl\u00edn n\u00edos S\u00e1bh\u00e1ilte at\u00e1 go m\u00f3r os comhair an phobail agus a nd\u00e9anfar comhord\u00fa maith orthu. Beidh na gn\u00edomhartha seo inbhuanaithe sa todhcha\u00ed, de r\u00e9ir mar a bheidh teicneola\u00edochta\u00ed agus \u00fas\u00e1id\u00ed nua do na me\u00e1in ag forbairt i gc\u00f3na\u00ed.<\/li>\n<li>Forbr\u00f3far \u00e1bhair agus cl\u00e1ir fheasachta chun a chinnti\u00fa go dtuigfidh p\u00e1ist\u00ed, m\u00fainteoir\u00ed agus tuismitheoir\u00ed na tairbh\u00ed agus na riosca\u00ed a ghabhann leis an Idirl\u00edon. Tabharfar comhairle iontu freisin faoin riachtanas maidir le h\u00e1bhar neamhdhleathach n\u00f3 \u00e1bhar d\u00edobh\u00e1lach a thuairisci\u00fa m\u00e1 thagtar air, agus tabharfar treoir iontu faoin d\u00f3igh leis seo a dh\u00e9anamh.<\/li>\n<li>Sol\u00e1thr\u00f3far seirbh\u00eds ghairmi\u00fail comhairleoireachta 24 uair sa l\u00e1, seacht l\u00e1 na seachtaine, chun comhairle agus treoir a thabhairt do ph\u00e1ist\u00ed a gcuirfidh aon rud ar an Idirl\u00edon isteach orthu.<\/li>\n<li>Oibreofar seirbh\u00eds bheol\u00edne Idirl\u00edn de r\u00e9ir na gcaighde\u00e1n is gairmi\u00fala agus is f\u00e9idir, a mbeidh an pobal muin\u00edneach aisti chun tuairisci\u00fa r\u00fanda gan ainm a dh\u00e9anamh ar \u00e1bhar n\u00f3 ar ghn\u00edomha\u00edochta\u00ed ar an Idirl\u00edon a cheaptar a bheith neamhdhleathach.<\/li>\n<\/ul>\n","protected":false},"excerpt":{"rendered":"<p>Tionscnamh um sh\u00e1bh\u00e1ilteacht Idirl\u00edn \u00e9 Webwise a bhfuil mar aidhm aige feasacht a mh\u00fascailt ar shaincheisteanna s\u00e1bh\u00e1ilteachta ar l\u00edne agus [&hellip;]<\/p>\n","protected":false},"author":1,"featured_media":0,"parent":14353,"menu_order":0,"comment_status":"closed","ping_status":"closed","template":"","meta":{"_acf_changed":false,"_uag_custom_page_level_css":"","footnotes":""},"class_list":["post-2325","page","type-page","status-publish","hentry"],"acf":[],"yoast_head":"<!-- This site is optimized with the Yoast SEO plugin v27.1.1 - https:\/\/yoast.com\/product\/yoast-seo-wordpress\/ -->\n<title>Webwise: Eolas F\u00fainn -<\/title>\n<meta name=\"robots\" content=\"index, follow, max-snippet:-1, max-image-preview:large, max-video-preview:-1\" \/>\n<link rel=\"canonical\" href=\"https:\/\/www.webwise.ie\/ga\/failte-go-webwise\/webwise-eolas-fuinn\/\" \/>\n<meta property=\"og:locale\" content=\"en_US\" \/>\n<meta property=\"og:type\" content=\"article\" \/>\n<meta property=\"og:title\" content=\"Webwise: Eolas F\u00fainn -\" \/>\n<meta property=\"og:description\" content=\"Tionscnamh um sh\u00e1bh\u00e1ilteacht Idirl\u00edn \u00e9 Webwise a bhfuil mar aidhm aige feasacht a mh\u00fascailt ar shaincheisteanna s\u00e1bh\u00e1ilteachta ar l\u00edne agus [&hellip;]\" \/>\n<meta property=\"og:url\" content=\"https:\/\/www.webwise.ie\/ga\/failte-go-webwise\/webwise-eolas-fuinn\/\" \/>\n<meta property=\"og:site_name\" content=\"Webwise.ie\" \/>\n<meta property=\"article:publisher\" content=\"https:\/\/www.facebook.com\/Webwise\/\" \/>\n<meta property=\"article:modified_time\" content=\"2024-11-27T16:45:58+00:00\" \/>\n<meta property=\"og:image\" content=\"https:\/\/www.webwise.ie\/wp-content\/uploads\/2017\/11\/webwise-logo-456-x-100.png\" \/>\n<meta name=\"twitter:label1\" content=\"Est. reading time\" \/>\n\t<meta name=\"twitter:data1\" content=\"3 minutes\" \/>\n<script type=\"application\/ld+json\" class=\"yoast-schema-graph\">{\"@context\":\"https:\/\/schema.org\",\"@graph\":[{\"@type\":\"WebPage\",\"@id\":\"https:\/\/www.webwise.ie\/ga\/failte-go-webwise\/webwise-eolas-fuinn\/\",\"url\":\"https:\/\/www.webwise.ie\/ga\/failte-go-webwise\/webwise-eolas-fuinn\/\",\"name\":\"Webwise: Eolas F\u00fainn -\",\"isPartOf\":{\"@id\":\"https:\/\/www.webwise.ie\/ga\/#website\"},\"primaryImageOfPage\":{\"@id\":\"https:\/\/www.webwise.ie\/ga\/failte-go-webwise\/webwise-eolas-fuinn\/#primaryimage\"},\"image\":{\"@id\":\"https:\/\/www.webwise.ie\/ga\/failte-go-webwise\/webwise-eolas-fuinn\/#primaryimage\"},\"thumbnailUrl\":\"https:\/\/www.webwise.ie\/wp-content\/uploads\/2017\/11\/webwise-logo-456-x-100.png\",\"datePublished\":\"2014-06-23T11:42:23+00:00\",\"dateModified\":\"2024-11-27T16:45:58+00:00\",\"breadcrumb\":{\"@id\":\"https:\/\/www.webwise.ie\/ga\/failte-go-webwise\/webwise-eolas-fuinn\/#breadcrumb\"},\"inLanguage\":\"en-GA\",\"potentialAction\":[{\"@type\":\"ReadAction\",\"target\":[\"https:\/\/www.webwise.ie\/ga\/failte-go-webwise\/webwise-eolas-fuinn\/\"]}]},{\"@type\":\"ImageObject\",\"inLanguage\":\"en-GA\",\"@id\":\"https:\/\/www.webwise.ie\/ga\/failte-go-webwise\/webwise-eolas-fuinn\/#primaryimage\",\"url\":\"https:\/\/www.webwise.ie\/wp-content\/uploads\/2017\/11\/webwise-logo-456-x-100.png\",\"contentUrl\":\"https:\/\/www.webwise.ie\/wp-content\/uploads\/2017\/11\/webwise-logo-456-x-100.png\"},{\"@type\":\"BreadcrumbList\",\"@id\":\"https:\/\/www.webwise.ie\/ga\/failte-go-webwise\/webwise-eolas-fuinn\/#breadcrumb\",\"itemListElement\":[{\"@type\":\"ListItem\",\"position\":1,\"name\":\"Home\",\"item\":\"https:\/\/www.webwise.ie\/ga\/\"},{\"@type\":\"ListItem\",\"position\":2,\"name\":\"F\u00e1ilte go Webwise\",\"item\":\"https:\/\/www.webwise.ie\/ga\/failte-go-webwise\/\"},{\"@type\":\"ListItem\",\"position\":3,\"name\":\"Webwise: Eolas F\u00fainn\"}]},{\"@type\":\"WebSite\",\"@id\":\"https:\/\/www.webwise.ie\/ga\/#website\",\"url\":\"https:\/\/www.webwise.ie\/ga\/\",\"name\":\"Webwise\",\"description\":\"The Irish Internet Safety Awareness Centre\",\"potentialAction\":[{\"@type\":\"SearchAction\",\"target\":{\"@type\":\"EntryPoint\",\"urlTemplate\":\"https:\/\/www.webwise.ie\/ga\/?s={search_term_string}\"},\"query-input\":{\"@type\":\"PropertyValueSpecification\",\"valueRequired\":true,\"valueName\":\"search_term_string\"}}],\"inLanguage\":\"en-GA\"}]}<\/script>\n<!-- \/ Yoast SEO plugin. -->","yoast_head_json":{"title":"Webwise: Eolas F\u00fainn -","robots":{"index":"index","follow":"follow","max-snippet":"max-snippet:-1","max-image-preview":"max-image-preview:large","max-video-preview":"max-video-preview:-1"},"canonical":"https:\/\/www.webwise.ie\/ga\/failte-go-webwise\/webwise-eolas-fuinn\/","og_locale":"en_US","og_type":"article","og_title":"Webwise: Eolas F\u00fainn -","og_description":"Tionscnamh um sh\u00e1bh\u00e1ilteacht Idirl\u00edn \u00e9 Webwise a bhfuil mar aidhm aige feasacht a mh\u00fascailt ar shaincheisteanna s\u00e1bh\u00e1ilteachta ar l\u00edne agus [&hellip;]","og_url":"https:\/\/www.webwise.ie\/ga\/failte-go-webwise\/webwise-eolas-fuinn\/","og_site_name":"Webwise.ie","article_publisher":"https:\/\/www.facebook.com\/Webwise\/","article_modified_time":"2024-11-27T16:45:58+00:00","og_image":[{"url":"https:\/\/www.webwise.ie\/wp-content\/uploads\/2017\/11\/webwise-logo-456-x-100.png","type":"","width":"","height":""}],"twitter_misc":{"Est. reading time":"3 minutes"},"schema":{"@context":"https:\/\/schema.org","@graph":[{"@type":"WebPage","@id":"https:\/\/www.webwise.ie\/ga\/failte-go-webwise\/webwise-eolas-fuinn\/","url":"https:\/\/www.webwise.ie\/ga\/failte-go-webwise\/webwise-eolas-fuinn\/","name":"Webwise: Eolas F\u00fainn -","isPartOf":{"@id":"https:\/\/www.webwise.ie\/ga\/#website"},"primaryImageOfPage":{"@id":"https:\/\/www.webwise.ie\/ga\/failte-go-webwise\/webwise-eolas-fuinn\/#primaryimage"},"image":{"@id":"https:\/\/www.webwise.ie\/ga\/failte-go-webwise\/webwise-eolas-fuinn\/#primaryimage"},"thumbnailUrl":"https:\/\/www.webwise.ie\/wp-content\/uploads\/2017\/11\/webwise-logo-456-x-100.png","datePublished":"2014-06-23T11:42:23+00:00","dateModified":"2024-11-27T16:45:58+00:00","breadcrumb":{"@id":"https:\/\/www.webwise.ie\/ga\/failte-go-webwise\/webwise-eolas-fuinn\/#breadcrumb"},"inLanguage":"en-GA","potentialAction":[{"@type":"ReadAction","target":["https:\/\/www.webwise.ie\/ga\/failte-go-webwise\/webwise-eolas-fuinn\/"]}]},{"@type":"ImageObject","inLanguage":"en-GA","@id":"https:\/\/www.webwise.ie\/ga\/failte-go-webwise\/webwise-eolas-fuinn\/#primaryimage","url":"https:\/\/www.webwise.ie\/wp-content\/uploads\/2017\/11\/webwise-logo-456-x-100.png","contentUrl":"https:\/\/www.webwise.ie\/wp-content\/uploads\/2017\/11\/webwise-logo-456-x-100.png"},{"@type":"BreadcrumbList","@id":"https:\/\/www.webwise.ie\/ga\/failte-go-webwise\/webwise-eolas-fuinn\/#breadcrumb","itemListElement":[{"@type":"ListItem","position":1,"name":"Home","item":"https:\/\/www.webwise.ie\/ga\/"},{"@type":"ListItem","position":2,"name":"F\u00e1ilte go Webwise","item":"https:\/\/www.webwise.ie\/ga\/failte-go-webwise\/"},{"@type":"ListItem","position":3,"name":"Webwise: Eolas F\u00fainn"}]},{"@type":"WebSite","@id":"https:\/\/www.webwise.ie\/ga\/#website","url":"https:\/\/www.webwise.ie\/ga\/","name":"Webwise","description":"The Irish Internet Safety Awareness Centre","potentialAction":[{"@type":"SearchAction","target":{"@type":"EntryPoint","urlTemplate":"https:\/\/www.webwise.ie\/ga\/?s={search_term_string}"},"query-input":{"@type":"PropertyValueSpecification","valueRequired":true,"valueName":"search_term_string"}}],"inLanguage":"en-GA"}]}},"spectra_custom_meta":{"_edit_lock":["1732725964:3420"],"_edit_last":["3420"],"_wp_page_template":["default"],"_wpml_media_featured":["1"],"_wpml_word_count":["{\"total\":471,\"to_translate\":{\"en\":471}}"],"_wpml_media_duplicate":["0"],"qode_title_in_grid":["yes"],"qode_animate-page-title":["no"],"qode_show-page-title-text":["no"],"qode_show-page-title-image":["no"],"qode_title_breadcrumbs_postiion":["bellow_title"],"qode_enable-page-comments":["no"],"qode_show-sidebar":["default"],"classic-editor-remember":["block-editor"],"_last_translation_edit_mode":["native-editor"],"_wpb_post_custom_layout":["default"],"media_boxes_overlay_effect":["default"],"media_boxes_popup_type":["image"],"media_boxes_iframe_on_thumbnail":["no"],"media_boxes_how_many_columns":["1"],"media_boxes_skin":["use_default"],"_yoast_wpseo_content_score":["60"],"_yoast_wpseo_estimated-reading-time-minutes":["3"],"_uag_page_assets":["a:9:{s:3:\"css\";s:0:\"\";s:2:\"js\";s:0:\"\";s:18:\"current_block_list\";a:1:{i:0;s:12:\"core\/heading\";}s:8:\"uag_flag\";b:0;s:11:\"uag_version\";s:10:\"1776280082\";s:6:\"gfonts\";a:0:{}s:10:\"gfonts_url\";s:0:\"\";s:12:\"gfonts_files\";a:0:{}s:14:\"uag_faq_layout\";b:0;}"]},"uagb_featured_image_src":{"full":false,"thumbnail":false,"medium":false,"medium_large":false,"large":false,"listing-thumbnail":false,"listing-location-thumbnail":false,"1536x1536":false,"2048x2048":false,"gform-image-choice-sm":false,"gform-image-choice-md":false,"gform-image-choice-lg":false},"uagb_author_info":{"display_name":"webster","author_link":"https:\/\/www.webwise.ie\/ga\/author\/webster\/"},"uagb_comment_info":0,"uagb_excerpt":"Tionscnamh um sh\u00e1bh\u00e1ilteacht Idirl\u00edn \u00e9 Webwise a bhfuil mar aidhm aige feasacht a mh\u00fascailt ar shaincheisteanna s\u00e1bh\u00e1ilteachta ar l\u00edne agus [&hellip;]","_links":{"self":[{"href":"https:\/\/www.webwise.ie\/ga\/wp-json\/wp\/v2\/pages\/2325","targetHints":{"allow":["GET"]}}],"collection":[{"href":"https:\/\/www.webwise.ie\/ga\/wp-json\/wp\/v2\/pages"}],"about":[{"href":"https:\/\/www.webwise.ie\/ga\/wp-json\/wp\/v2\/types\/page"}],"author":[{"embeddable":true,"href":"https:\/\/www.webwise.ie\/ga\/wp-json\/wp\/v2\/users\/1"}],"replies":[{"embeddable":true,"href":"https:\/\/www.webwise.ie\/ga\/wp-json\/wp\/v2\/comments?post=2325"}],"version-history":[{"count":1,"href":"https:\/\/www.webwise.ie\/ga\/wp-json\/wp\/v2\/pages\/2325\/revisions"}],"predecessor-version":[{"id":83756,"href":"https:\/\/www.webwise.ie\/ga\/wp-json\/wp\/v2\/pages\/2325\/revisions\/83756"}],"up":[{"embeddable":true,"href":"https:\/\/www.webwise.ie\/ga\/wp-json\/wp\/v2\/pages\/14353"}],"wp:attachment":[{"href":"https:\/\/www.webwise.ie\/ga\/wp-json\/wp\/v2\/media?parent=2325"}],"curies":[{"name":"wp","href":"https:\/\/api.w.org\/{rel}","templated":true}]}}